{"id":1418,"date":"2025-09-04T08:49:26","date_gmt":"2025-09-04T06:49:26","guid":{"rendered":"https:\/\/koridoben.hu\/?page_id=1418"},"modified":"2025-09-04T09:39:29","modified_gmt":"2025-09-04T07:39:29","slug":"koszonjuk-a-megkeresest","status":"publish","type":"page","link":"https:\/\/koridoben.hu\/en\/koszonjuk-a-megkeresest\/","title":{"rendered":"K\u00f6sz\u00f6nj\u00fck a megkeres\u00e9st!"},"content":{"rendered":"<div data-elementor-type=\"wp-page\" data-elementor-id=\"1418\" class=\"elementor elementor-1418\" data-elementor-post-type=\"page\">\n\t\t\t\t<div class=\"elementor-element elementor-element-e91ccb3 e-flex e-con-boxed e-con e-parent\" data-id=\"e91ccb3\" data-element_type=\"container\" data-e-type=\"container\">\n\t\t\t\t\t<div class=\"e-con-inner\">\n\t\t<div class=\"elementor-element elementor-element-bb23923 e-con-full e-flex e-con e-child\" data-id=\"bb23923\" data-element_type=\"container\" data-e-type=\"container\">\n\t\t\t\t<div class=\"elementor-element elementor-element-7f6c66c elementor-invisible elementor-widget elementor-widget-heading\" data-id=\"7f6c66c\" data-element_type=\"widget\" data-e-type=\"widget\" data-settings=\"{&quot;_animation&quot;:&quot;fadeInLeft&quot;}\" data-widget_type=\"heading.default\">\n\t\t\t\t<div class=\"elementor-widget-container\">\n\t\t\t\t\t<h2 class=\"elementor-heading-title elementor-size-default\">K\u00f6sz\u00f6nj\u00fck a megkeres\u00e9st!<\/h2>\t\t\t\t<\/div>\n\t\t\t\t<\/div>\n\t\t\t\t<div class=\"elementor-element elementor-element-ad42470 elementor-widget elementor-widget-spacer\" data-id=\"ad42470\" data-element_type=\"widget\" data-e-type=\"widget\" data-widget_type=\"spacer.default\">\n\t\t\t\t<div class=\"elementor-widget-container\">\n\t\t\t\t\t\t\t<div class=\"elementor-spacer\">\n\t\t\t<div class=\"elementor-spacer-inner\"><\/div>\n\t\t<\/div>\n\t\t\t\t\t\t<\/div>\n\t\t\t\t<\/div>\n\t\t\t\t<div class=\"elementor-element elementor-element-d28b3fd elementor-widget elementor-widget-text-editor\" data-id=\"d28b3fd\" data-element_type=\"widget\" data-e-type=\"widget\" data-widget_type=\"text-editor.default\">\n\t\t\t\t<div class=\"elementor-widget-container\">\n\t\t\t\t\t\t\t\t\t<p><strong>A k\u00e9rd\u00e9sed megkaptuk! <br \/><\/strong>Kis t\u00fcrelmet k\u00e9r\u00fcnk! Hamarosan visszajelz\u00fcnk Neked!<\/p>\t\t\t\t\t\t\t\t<\/div>\n\t\t\t\t<\/div>\n\t\t\t\t<\/div>\n\t\t\t\t\t<\/div>\n\t\t\t\t<\/div>\n\t\t<div class=\"elementor-element elementor-element-a2a9d5f e-flex e-con-boxed e-con e-parent\" data-id=\"a2a9d5f\" data-element_type=\"container\" data-e-type=\"container\">\n\t\t\t\t\t<div class=\"e-con-inner\">\n\t\t<div class=\"elementor-element elementor-element-7e645fd e-con-full e-flex e-con e-child\" data-id=\"7e645fd\" data-element_type=\"container\" data-e-type=\"container\">\n\t\t\t\t<div class=\"elementor-element elementor-element-da87f75 elementor-cta--skin-cover elementor-animated-content elementor-bg-transform elementor-bg-transform-zoom-in elementor-widget elementor-widget-call-to-action\" data-id=\"da87f75\" data-element_type=\"widget\" data-e-type=\"widget\" data-widget_type=\"call-to-action.default\">\n\t\t\t\t<div class=\"elementor-widget-container\">\n\t\t\t\t\t\t\t<a class=\"elementor-cta\" href=\"https:\/\/www.facebook.com\/koridoben\">\n\t\t\t\t\t<div class=\"elementor-cta__bg-wrapper\">\n\t\t\t\t<div class=\"elementor-cta__bg elementor-bg\" style=\"background-image: url(https:\/\/koridoben.hu\/wp-content\/uploads\/2025\/07\/Reflection.Background-1024x512.png);\" role=\"img\" aria-label=\"Reflection Background\"><\/div>\n\t\t\t\t<div class=\"elementor-cta__bg-overlay\"><\/div>\n\t\t\t<\/div>\n\t\t\t\t\t\t\t<div class=\"elementor-cta__content\">\n\t\t\t\t\n\t\t\t\t\t\t\t\t\t<h5 class=\"elementor-cta__title elementor-cta__content-item elementor-content-item elementor-animated-item--grow\">\n\t\t\t\t\t\tK\u00f6vess minket Facebookon!\t\t\t\t\t<\/h5>\n\t\t\t\t\n\t\t\t\t\t\t\t\t\t<div class=\"elementor-cta__description elementor-cta__content-item elementor-content-item elementor-animated-item--grow\">\n\t\t\t\t\t\tAz \u00f6nismeret n\u00e1lunk gyakorlat, nem elm\u00e9let.\t\t\t\t\t<\/div>\n\t\t\t\t\n\t\t\t\t\t\t\t\t\t<div class=\"elementor-cta__button-wrapper elementor-cta__content-item elementor-content-item elementor-animated-item--grow\">\n\t\t\t\t\t<span class=\"elementor-cta__button elementor-button elementor-size-\">\n\t\t\t\t\t\tCSATLAKOZOM!\t\t\t\t\t<\/span>\n\t\t\t\t\t<\/div>\n\t\t\t\t\t\t\t<\/div>\n\t\t\t\t\t\t<\/a>\n\t\t\t\t\t\t<\/div>\n\t\t\t\t<\/div>\n\t\t\t\t<\/div>\n\t\t\t\t\t<\/div>\n\t\t\t\t<\/div>\n\t\t\t\t<\/div>","protected":false},"excerpt":{"rendered":"<p>K\u00f6sz\u00f6nj\u00fck a megkeres\u00e9st! A k\u00e9rd\u00e9sed megkaptuk! Kis t\u00fcrelmet k\u00e9r\u00fcnk! Hamarosan visszajelz\u00fcnk Neked! K\u00f6vess minket Facebookon! Az \u00f6nismeret n\u00e1lunk gyakorlat, nem elm\u00e9let. CSATLAKOZOM!<\/p>","protected":false},"author":1,"featured_media":0,"parent":0,"menu_order":0,"comment_status":"closed","ping_status":"closed","template":"","meta":{"footnotes":""},"class_list":["post-1418","page","type-page","status-publish","hentry"],"_links":{"self":[{"href":"https:\/\/koridoben.hu\/en\/wp-json\/wp\/v2\/pages\/1418","targetHints":{"allow":["GET"]}}],"collection":[{"href":"https:\/\/koridoben.hu\/en\/wp-json\/wp\/v2\/pages"}],"about":[{"href":"https:\/\/koridoben.hu\/en\/wp-json\/wp\/v2\/types\/page"}],"author":[{"embeddable":true,"href":"https:\/\/koridoben.hu\/en\/wp-json\/wp\/v2\/users\/1"}],"replies":[{"embeddable":true,"href":"https:\/\/koridoben.hu\/en\/wp-json\/wp\/v2\/comments?post=1418"}],"version-history":[{"count":10,"href":"https:\/\/koridoben.hu\/en\/wp-json\/wp\/v2\/pages\/1418\/revisions"}],"predecessor-version":[{"id":1442,"href":"https:\/\/koridoben.hu\/en\/wp-json\/wp\/v2\/pages\/1418\/revisions\/1442"}],"wp:attachment":[{"href":"https:\/\/koridoben.hu\/en\/wp-json\/wp\/v2\/media?parent=1418"}],"curies":[{"name":"wp","href":"https:\/\/api.w.org\/{rel}","templated":true}]}}