{"id":1443,"date":"2025-09-04T10:48:34","date_gmt":"2025-09-04T08:48:34","guid":{"rendered":"https:\/\/koridoben.hu\/?page_id=1443"},"modified":"2025-10-04T15:53:07","modified_gmt":"2025-10-04T13:53:07","slug":"gyik","status":"publish","type":"page","link":"https:\/\/koridoben.hu\/en\/gyik\/","title":{"rendered":"GYIK"},"content":{"rendered":"\t\t<div data-elementor-type=\"wp-page\" data-elementor-id=\"1443\" class=\"elementor elementor-1443\" data-elementor-post-type=\"page\">\n\t\t\t\t<div class=\"elementor-element elementor-element-2818d7c e-flex e-con-boxed e-con e-parent\" data-id=\"2818d7c\" data-element_type=\"container\" data-e-type=\"container\">\n\t\t\t\t\t<div class=\"e-con-inner\">\n\t\t<div class=\"elementor-element elementor-element-8a16285 e-con-full e-flex elementor-invisible e-con e-child\" data-id=\"8a16285\" data-element_type=\"container\" data-e-type=\"container\" data-settings=\"{&quot;animation&quot;:&quot;fadeInLeft&quot;}\">\n\t\t<div class=\"elementor-element elementor-element-000bfca e-con-full e-flex elementor-invisible e-con e-child\" data-id=\"000bfca\" data-element_type=\"container\" data-e-type=\"container\" data-settings=\"{&quot;animation&quot;:&quot;fadeInLeft&quot;}\">\n\t\t\t\t<div class=\"elementor-element elementor-element-4921129 elementor-invisible elementor-widget elementor-widget-n-accordion\" data-id=\"4921129\" data-element_type=\"widget\" data-e-type=\"widget\" data-settings=\"{&quot;motion_fx_motion_fx_scrolling&quot;:&quot;yes&quot;,&quot;_animation&quot;:&quot;fadeIn&quot;,&quot;default_state&quot;:&quot;expanded&quot;,&quot;max_items_expended&quot;:&quot;one&quot;,&quot;n_accordion_animation_duration&quot;:{&quot;unit&quot;:&quot;ms&quot;,&quot;size&quot;:400,&quot;sizes&quot;:[]},&quot;motion_fx_devices&quot;:[&quot;desktop&quot;,&quot;tablet&quot;,&quot;mobile&quot;]}\" data-widget_type=\"nested-accordion.default\">\n\t\t\t\t<div class=\"elementor-widget-container\">\n\t\t\t\t\t\t\t<div class=\"e-n-accordion\" aria-label=\"Accordion. Open links with Enter or Space, close with Escape, and navigate with Arrow Keys\">\n\t\t\t\t\t\t<details id=\"e-n-accordion-item-7660\" class=\"e-n-accordion-item\" open>\n\t\t\t\t<summary class=\"e-n-accordion-item-title\" data-accordion-index=\"1\" tabindex=\"0\" aria-expanded=\"true\" aria-controls=\"e-n-accordion-item-7660\" >\n\t\t\t\t\t<span class='e-n-accordion-item-title-header'><div class=\"e-n-accordion-item-title-text\"> 1. Mi\u00e9rt tart a tr\u00e9ning 3 napig? <\/div><\/span>\n\t\t\t\t\t\t\t<span class='e-n-accordion-item-title-icon'>\n\t\t\t<span class='e-opened' ><svg aria-hidden=\"true\" class=\"e-font-icon-svg e-fas-minus\" viewBox=\"0 0 448 512\" xmlns=\"http:\/\/www.w3.org\/2000\/svg\"><path d=\"M416 208H32c-17.67 0-32 14.33-32 32v32c0 17.67 14.33 32 32 32h384c17.67 0 32-14.33 32-32v-32c0-17.67-14.33-32-32-32z\"><\/path><\/svg><\/span>\n\t\t\t<span class='e-closed'><svg aria-hidden=\"true\" class=\"e-font-icon-svg e-fas-plus\" viewBox=\"0 0 448 512\" xmlns=\"http:\/\/www.w3.org\/2000\/svg\"><path d=\"M416 208H272V64c0-17.67-14.33-32-32-32h-32c-17.67 0-32 14.33-32 32v144H32c-17.67 0-32 14.33-32 32v32c0 17.67 14.33 32 32 32h144v144c0 17.67 14.33 32 32 32h32c17.67 0 32-14.33 32-32V304h144c17.67 0 32-14.33 32-32v-32c0-17.67-14.33-32-32-32z\"><\/path><\/svg><\/span>\n\t\t<\/span>\n\n\t\t\t\t\t\t<\/summary>\n\t\t\t\t<div role=\"region\" aria-labelledby=\"e-n-accordion-item-7660\" class=\"elementor-element elementor-element-6020b22 e-con-full e-flex e-con e-child\" data-id=\"6020b22\" data-element_type=\"container\" data-e-type=\"container\">\n\t\t<div role=\"region\" aria-labelledby=\"e-n-accordion-item-7660\" class=\"elementor-element elementor-element-07aa163 e-flex e-con-boxed e-con e-child\" data-id=\"07aa163\" data-element_type=\"container\" data-e-type=\"container\">\n\t\t\t\t\t<div class=\"e-con-inner\">\n\t\t\t\t<div class=\"elementor-element elementor-element-882dd51 elementor-invisible elementor-widget elementor-widget-text-editor\" data-id=\"882dd51\" data-element_type=\"widget\" data-e-type=\"widget\" data-settings=\"{&quot;_animation&quot;:&quot;fadeInLeft&quot;}\" data-widget_type=\"text-editor.default\">\n\t\t\t\t<div class=\"elementor-widget-container\">\n\t\t\t\t\t\t\t\t\t<ol><li aria-level=\"2\">A met\u00f3dus alap\u00edt\u00f3ja, Scott Peck \u00e9s csapata 20 \u00e9ven \u00e1t \u00e9vi t\u00f6bb sz\u00e1z m\u0171helyt tartott. Ez a k\u00e9t \u00e9vtizedes tapasztalat azt mutatta, <strong>3 teljes nap sz\u00fcks\u00e9ges ahhoz, hogy a csoportfolyamat v\u00e9gigmenjen<\/strong> \u00e9s a r\u00e9sztvev\u0151k egy gazdag, teljes \u00e9lm\u00e9nyt kapjanak. Ha ak\u00e1r egy f\u0151 is id\u0151 el\u0151tt t\u00e1vozik, megakaszthatja a folyamatot. \u00cdgy a r\u00e9szv\u00e9tel csak a tr\u00e9ning teljes id\u0151tartama alatti szem\u00e9lyes jelenl\u00e9ttel lehets\u00e9ges.<\/li><li aria-level=\"2\">Ez a speci\u00e1lis tr\u00e9ning k\u00e9t f\u0151 elemmel dolgozik:<ul><li><strong>\u00dan. \u2018k\u00f6rid\u0151\u2019.<\/strong> &#8211; Ez Peck m\u00f3dszer\u00e9nek \u2018v\u00e9djegye\u2019, ahol a k\u00fcl\u00f6nleges, direkt ir\u00e1ny\u00edt\u00e1s n\u00e9lk\u00fcli csoportfolyamat zajlik.<\/li><li><strong>P\u00e1ros \u00e9s kiscsoportos gyakorlatok<\/strong> &#8211; Ezeket Edward Groody kezdte haszn\u00e1lni, mikor azt tapasztalta, hogy az egyes k\u00e9szs\u00e9gek elsaj\u00e1t\u00edt\u00e1sa, gyakorlatban alkalmaz\u00e1sa k\u00f6nnyebb a r\u00e9sztvev\u0151knek, ha saj\u00e1t\u00e9lm\u00e9nyes gyakorlatokon kereszt\u00fcl is gyakorolhatj\u00e1k a k\u00f6rid\u0151n k\u00edv\u00fcl.<\/li><li>A k\u00f6rid\u0151ben \u00e9s a saj\u00e1t\u00e9lm\u00e9nyes gyakorlatokkal t\u00f6lt\u00f6tt id\u0151 3 nap alatt tud egy kiforrott, kerek folyamatt\u00e1 \u00e9rni a r\u00e9sztvev\u0151kben.<\/li><\/ul><\/li><\/ol>\t\t\t\t\t\t\t\t<\/div>\n\t\t\t\t<\/div>\n\t\t\t\t\t<\/div>\n\t\t\t\t<\/div>\n\t\t\t\t<\/div>\n\t\t\t\t\t<\/details>\n\t\t\t\t\t\t<details id=\"e-n-accordion-item-7661\" class=\"e-n-accordion-item\" >\n\t\t\t\t<summary class=\"e-n-accordion-item-title\" data-accordion-index=\"2\" tabindex=\"-1\" aria-expanded=\"false\" aria-controls=\"e-n-accordion-item-7661\" >\n\t\t\t\t\t<span class='e-n-accordion-item-title-header'><div class=\"e-n-accordion-item-title-text\"> 2. Lehet-e csak 2 napra j\u00f6nni\/k\u00f6zben egy napot kihagyni? <\/div><\/span>\n\t\t\t\t\t\t\t<span class='e-n-accordion-item-title-icon'>\n\t\t\t<span class='e-opened' ><svg aria-hidden=\"true\" class=\"e-font-icon-svg e-fas-minus\" viewBox=\"0 0 448 512\" xmlns=\"http:\/\/www.w3.org\/2000\/svg\"><path d=\"M416 208H32c-17.67 0-32 14.33-32 32v32c0 17.67 14.33 32 32 32h384c17.67 0 32-14.33 32-32v-32c0-17.67-14.33-32-32-32z\"><\/path><\/svg><\/span>\n\t\t\t<span class='e-closed'><svg aria-hidden=\"true\" class=\"e-font-icon-svg e-fas-plus\" viewBox=\"0 0 448 512\" xmlns=\"http:\/\/www.w3.org\/2000\/svg\"><path d=\"M416 208H272V64c0-17.67-14.33-32-32-32h-32c-17.67 0-32 14.33-32 32v144H32c-17.67 0-32 14.33-32 32v32c0 17.67 14.33 32 32 32h144v144c0 17.67 14.33 32 32 32h32c17.67 0 32-14.33 32-32V304h144c17.67 0 32-14.33 32-32v-32c0-17.67-14.33-32-32-32z\"><\/path><\/svg><\/span>\n\t\t<\/span>\n\n\t\t\t\t\t\t<\/summary>\n\t\t\t\t<div role=\"region\" aria-labelledby=\"e-n-accordion-item-7661\" class=\"elementor-element elementor-element-6243093 e-con-full e-flex e-con e-child\" data-id=\"6243093\" data-element_type=\"container\" data-e-type=\"container\">\n\t\t<div role=\"region\" aria-labelledby=\"e-n-accordion-item-7661\" class=\"elementor-element elementor-element-6282c91 e-flex e-con-boxed e-con e-child\" data-id=\"6282c91\" data-element_type=\"container\" data-e-type=\"container\">\n\t\t\t\t\t<div class=\"e-con-inner\">\n\t\t\t\t<div class=\"elementor-element elementor-element-1be836b elementor-widget elementor-widget-text-editor\" data-id=\"1be836b\" data-element_type=\"widget\" data-e-type=\"widget\" data-widget_type=\"text-editor.default\">\n\t\t\t\t<div class=\"elementor-widget-container\">\n\t\t\t\t\t\t\t\t\t<ol><li aria-level=\"2\">A tr\u00e9ningen csak teljes id\u0151ben, vagyis mind a h\u00e1rom napon enged\u00e9lyezett a r\u00e9szv\u00e9tel. A k\u00fcl\u00f6nleges csoportfolyamat miatt.<\/li><li aria-level=\"2\">El\u0151fordulnak persze olyan helyzetek, amikor valakinek p\u00e1r perccel kor\u00e1bban el kell mennie vagy egy napon csak n\u00e9h\u00e1ny perc cs\u00fasz\u00e1ssal tud csak \u00e9rkezni &#8211; ezeket mindig el\u0151re egyeztetj\u00fck.<\/li><\/ol>\t\t\t\t\t\t\t\t<\/div>\n\t\t\t\t<\/div>\n\t\t\t\t\t<\/div>\n\t\t\t\t<\/div>\n\t\t\t\t<\/div>\n\t\t\t\t\t<\/details>\n\t\t\t\t\t\t<details id=\"e-n-accordion-item-7662\" class=\"e-n-accordion-item\" >\n\t\t\t\t<summary class=\"e-n-accordion-item-title\" data-accordion-index=\"3\" tabindex=\"-1\" aria-expanded=\"false\" aria-controls=\"e-n-accordion-item-7662\" >\n\t\t\t\t\t<span class='e-n-accordion-item-title-header'><div class=\"e-n-accordion-item-title-text\"> 3. Ez ter\u00e1pia? <\/div><\/span>\n\t\t\t\t\t\t\t<span class='e-n-accordion-item-title-icon'>\n\t\t\t<span class='e-opened' ><svg aria-hidden=\"true\" class=\"e-font-icon-svg e-fas-minus\" viewBox=\"0 0 448 512\" xmlns=\"http:\/\/www.w3.org\/2000\/svg\"><path d=\"M416 208H32c-17.67 0-32 14.33-32 32v32c0 17.67 14.33 32 32 32h384c17.67 0 32-14.33 32-32v-32c0-17.67-14.33-32-32-32z\"><\/path><\/svg><\/span>\n\t\t\t<span class='e-closed'><svg aria-hidden=\"true\" class=\"e-font-icon-svg e-fas-plus\" viewBox=\"0 0 448 512\" xmlns=\"http:\/\/www.w3.org\/2000\/svg\"><path d=\"M416 208H272V64c0-17.67-14.33-32-32-32h-32c-17.67 0-32 14.33-32 32v144H32c-17.67 0-32 14.33-32 32v32c0 17.67 14.33 32 32 32h144v144c0 17.67 14.33 32 32 32h32c17.67 0 32-14.33 32-32V304h144c17.67 0 32-14.33 32-32v-32c0-17.67-14.33-32-32-32z\"><\/path><\/svg><\/span>\n\t\t<\/span>\n\n\t\t\t\t\t\t<\/summary>\n\t\t\t\t<div role=\"region\" aria-labelledby=\"e-n-accordion-item-7662\" class=\"elementor-element elementor-element-309c772 e-con-full e-flex e-con e-child\" data-id=\"309c772\" data-element_type=\"container\" data-e-type=\"container\">\n\t\t\t\t<div class=\"elementor-element elementor-element-5c1590b elementor-widget elementor-widget-text-editor\" data-id=\"5c1590b\" data-element_type=\"widget\" data-e-type=\"widget\" data-widget_type=\"text-editor.default\">\n\t\t\t\t<div class=\"elementor-widget-container\">\n\t\t\t\t\t\t\t\t\t<ol><li aria-level=\"2\">Nem, a K\u00f6rid\u0151 nem (csoport)ter\u00e1pia\/12 l\u00e9p\u00e9ses program\/Anonim alkoholist\u00e1k csoport.<\/li><li aria-level=\"2\">K\u00f6rid\u0151ben a kommunik\u00e1ci\u00f3 egyik f\u0151 vez\u00e9rfonala a \u201cSz\u00f3lj, ha ind\u00edtva vagy a sz\u00f3l\u00e1sra\u201d. Ez Peck met\u00f3dus\u00e1nak egyik k\u00fcl\u00f6nleges eleme, ami nem jellemz\u0151 m\u00e1s, csoportter\u00e1pi\u00e1val dolgoz\u00f3 m\u00f3dszerekre. Ez a k\u00fcl\u00f6nleges vez\u00e9rfonal igaz\u00e1n csak tapasztalati \u00faton ismerhet\u0151 meg.\u00a0<\/li><li aria-level=\"2\">A k\u00f6rid\u0151ben a csoport f\u0151 c\u00e9lja a Peck \u00e1ltal \u201cigaz k\u00f6z\u00f6ss\u00e9g\u201d-nek nevezett \u00e9lm\u00e9ny megtapasztal\u00e1sa. Ez az egyedi k\u00f6z\u00f6ss\u00e9gi \u00e9lm\u00e9ny is Peck m\u00f3dszer\u00e9re jellemz\u0151; m\u00e1s ter\u00e1pi\u00e1s m\u00f3dszerekben nem jelenik meg.<\/li><\/ol>\t\t\t\t\t\t\t\t<\/div>\n\t\t\t\t<\/div>\n\t\t\t\t<\/div>\n\t\t\t\t\t<\/details>\n\t\t\t\t\t\t<details id=\"e-n-accordion-item-7663\" class=\"e-n-accordion-item\" >\n\t\t\t\t<summary class=\"e-n-accordion-item-title\" data-accordion-index=\"4\" tabindex=\"-1\" aria-expanded=\"false\" aria-controls=\"e-n-accordion-item-7663\" >\n\t\t\t\t\t<span class='e-n-accordion-item-title-header'><div class=\"e-n-accordion-item-title-text\"> 4. Nem besz\u00e9lek angolul, ez probl\u00e9ma? <\/div><\/span>\n\t\t\t\t\t\t\t<span class='e-n-accordion-item-title-icon'>\n\t\t\t<span class='e-opened' ><svg aria-hidden=\"true\" class=\"e-font-icon-svg e-fas-minus\" viewBox=\"0 0 448 512\" xmlns=\"http:\/\/www.w3.org\/2000\/svg\"><path d=\"M416 208H32c-17.67 0-32 14.33-32 32v32c0 17.67 14.33 32 32 32h384c17.67 0 32-14.33 32-32v-32c0-17.67-14.33-32-32-32z\"><\/path><\/svg><\/span>\n\t\t\t<span class='e-closed'><svg aria-hidden=\"true\" class=\"e-font-icon-svg e-fas-plus\" viewBox=\"0 0 448 512\" xmlns=\"http:\/\/www.w3.org\/2000\/svg\"><path d=\"M416 208H272V64c0-17.67-14.33-32-32-32h-32c-17.67 0-32 14.33-32 32v144H32c-17.67 0-32 14.33-32 32v32c0 17.67 14.33 32 32 32h144v144c0 17.67 14.33 32 32 32h32c17.67 0 32-14.33 32-32V304h144c17.67 0 32-14.33 32-32v-32c0-17.67-14.33-32-32-32z\"><\/path><\/svg><\/span>\n\t\t<\/span>\n\n\t\t\t\t\t\t<\/summary>\n\t\t\t\t<div role=\"region\" aria-labelledby=\"e-n-accordion-item-7663\" class=\"elementor-element elementor-element-ded113f e-flex e-con-boxed e-con e-child\" data-id=\"ded113f\" data-element_type=\"container\" data-e-type=\"container\">\n\t\t\t\t\t<div class=\"e-con-inner\">\n\t\t\t\t<div class=\"elementor-element elementor-element-8a45f9b elementor-widget elementor-widget-text-editor\" data-id=\"8a45f9b\" data-element_type=\"widget\" data-e-type=\"widget\" data-widget_type=\"text-editor.default\">\n\t\t\t\t<div class=\"elementor-widget-container\">\n\t\t\t\t\t\t\t\t\t<ol><li>A r\u00e9szv\u00e9telhez nincs sz\u00fcks\u00e9g angol nyelvtud\u00e1sra.\u00a0<\/li><li aria-level=\"2\">A r\u00e9sztvev\u0151k t\u00f6bbs\u00e9ge magyarul fog besz\u00e9lni \u00e9s az angolul elhangzottakat kipr\u00f3b\u00e1lt, a met\u00f3dust is j\u00f3l ismer\u0151 tolm\u00e1cs fogja magyarra ford\u00edtani.<\/li><\/ol>\t\t\t\t\t\t\t\t<\/div>\n\t\t\t\t<\/div>\n\t\t\t\t\t<\/div>\n\t\t\t\t<\/div>\n\t\t\t\t\t<\/details>\n\t\t\t\t\t\t<details id=\"e-n-accordion-item-7664\" class=\"e-n-accordion-item\" >\n\t\t\t\t<summary class=\"e-n-accordion-item-title\" data-accordion-index=\"5\" tabindex=\"-1\" aria-expanded=\"false\" aria-controls=\"e-n-accordion-item-7664\" >\n\t\t\t\t\t<span class='e-n-accordion-item-title-header'><div class=\"e-n-accordion-item-title-text\"> 5. Mit tartalmaz az \u00e1r? Sz\u00e1ll\u00e1s is van benne? <\/div><\/span>\n\t\t\t\t\t\t\t<span class='e-n-accordion-item-title-icon'>\n\t\t\t<span class='e-opened' ><svg aria-hidden=\"true\" class=\"e-font-icon-svg e-fas-minus\" viewBox=\"0 0 448 512\" xmlns=\"http:\/\/www.w3.org\/2000\/svg\"><path d=\"M416 208H32c-17.67 0-32 14.33-32 32v32c0 17.67 14.33 32 32 32h384c17.67 0 32-14.33 32-32v-32c0-17.67-14.33-32-32-32z\"><\/path><\/svg><\/span>\n\t\t\t<span class='e-closed'><svg aria-hidden=\"true\" class=\"e-font-icon-svg e-fas-plus\" viewBox=\"0 0 448 512\" xmlns=\"http:\/\/www.w3.org\/2000\/svg\"><path d=\"M416 208H272V64c0-17.67-14.33-32-32-32h-32c-17.67 0-32 14.33-32 32v144H32c-17.67 0-32 14.33-32 32v32c0 17.67 14.33 32 32 32h144v144c0 17.67 14.33 32 32 32h32c17.67 0 32-14.33 32-32V304h144c17.67 0 32-14.33 32-32v-32c0-17.67-14.33-32-32-32z\"><\/path><\/svg><\/span>\n\t\t<\/span>\n\n\t\t\t\t\t\t<\/summary>\n\t\t\t\t<div role=\"region\" aria-labelledby=\"e-n-accordion-item-7664\" class=\"elementor-element elementor-element-a4a9676 e-flex e-con-boxed e-con e-child\" data-id=\"a4a9676\" data-element_type=\"container\" data-e-type=\"container\">\n\t\t\t\t\t<div class=\"e-con-inner\">\n\t\t<div role=\"region\" aria-labelledby=\"e-n-accordion-item-7664\" class=\"elementor-element elementor-element-2751767 e-con-full e-flex e-con e-child\" data-id=\"2751767\" data-element_type=\"container\" data-e-type=\"container\">\n\t\t\t\t<div class=\"elementor-element elementor-element-b9958bb elementor-widget elementor-widget-text-editor\" data-id=\"b9958bb\" data-element_type=\"widget\" data-e-type=\"widget\" data-widget_type=\"text-editor.default\">\n\t\t\t\t<div class=\"elementor-widget-container\">\n\t\t\t\t\t\t\t\t\t<ol><li aria-level=\"2\">Az \u00e1r a r\u00e9szv\u00e9telt \u00e9s tr\u00e9ning eset\u00e9n a gyakorlatokhoz kapott seg\u00e9danyagokat tartalmazza.<\/li><li aria-level=\"2\">A tr\u00e9ningnek nem r\u00e9sze sz\u00e1ll\u00e1s biztos\u00edt\u00e1sa. A program minden nap el\u0151re egyeztetett id\u0151pontban \u00e9r v\u00e9get, ami ut\u00e1n a r\u00e9sztvev\u0151k k\u00fcl\u00f6n, saj\u00e1t ig\u00e9nyeik szerint gondoskodnak a sz\u00e1ll\u00e1sr\u00f3l.<\/li><\/ol>\t\t\t\t\t\t\t\t<\/div>\n\t\t\t\t<\/div>\n\t\t\t\t<\/div>\n\t\t\t\t\t<\/div>\n\t\t\t\t<\/div>\n\t\t\t\t\t<\/details>\n\t\t\t\t\t\t<details id=\"e-n-accordion-item-7665\" class=\"e-n-accordion-item\" >\n\t\t\t\t<summary class=\"e-n-accordion-item-title\" data-accordion-index=\"6\" tabindex=\"-1\" aria-expanded=\"false\" aria-controls=\"e-n-accordion-item-7665\" >\n\t\t\t\t\t<span class='e-n-accordion-item-title-header'><div class=\"e-n-accordion-item-title-text\"> 6. B\u00e1rki j\u00f6het, vagy sz\u00fcks\u00e9ges valamilyen el\u0151k\u00e9pzetts\u00e9g? <\/div><\/span>\n\t\t\t\t\t\t\t<span class='e-n-accordion-item-title-icon'>\n\t\t\t<span class='e-opened' ><svg aria-hidden=\"true\" class=\"e-font-icon-svg e-fas-minus\" viewBox=\"0 0 448 512\" xmlns=\"http:\/\/www.w3.org\/2000\/svg\"><path d=\"M416 208H32c-17.67 0-32 14.33-32 32v32c0 17.67 14.33 32 32 32h384c17.67 0 32-14.33 32-32v-32c0-17.67-14.33-32-32-32z\"><\/path><\/svg><\/span>\n\t\t\t<span class='e-closed'><svg aria-hidden=\"true\" class=\"e-font-icon-svg e-fas-plus\" viewBox=\"0 0 448 512\" xmlns=\"http:\/\/www.w3.org\/2000\/svg\"><path d=\"M416 208H272V64c0-17.67-14.33-32-32-32h-32c-17.67 0-32 14.33-32 32v144H32c-17.67 0-32 14.33-32 32v32c0 17.67 14.33 32 32 32h144v144c0 17.67 14.33 32 32 32h32c17.67 0 32-14.33 32-32V304h144c17.67 0 32-14.33 32-32v-32c0-17.67-14.33-32-32-32z\"><\/path><\/svg><\/span>\n\t\t<\/span>\n\n\t\t\t\t\t\t<\/summary>\n\t\t\t\t<div role=\"region\" aria-labelledby=\"e-n-accordion-item-7665\" class=\"elementor-element elementor-element-9c41126 e-flex e-con-boxed e-con e-child\" data-id=\"9c41126\" data-element_type=\"container\" data-e-type=\"container\">\n\t\t\t\t\t<div class=\"e-con-inner\">\n\t\t\t\t<div class=\"elementor-element elementor-element-ffe5d14 elementor-widget elementor-widget-text-editor\" data-id=\"ffe5d14\" data-element_type=\"widget\" data-e-type=\"widget\" data-widget_type=\"text-editor.default\">\n\t\t\t\t<div class=\"elementor-widget-container\">\n\t\t\t\t\t\t\t\t\t<ol><li aria-level=\"2\">Nincs sz\u00fcks\u00e9g el\u0151zetes k\u00e9pzetts\u00e9gre a r\u00e9szv\u00e9telhez.<\/li><li aria-level=\"2\">Csak annyit k\u00e9r\u00fcnk, hogy megfelel\u0151 testi-lelki \u00e1llapotban \u00e9rkezz az esem\u00e9nyre.<\/li><\/ol>\t\t\t\t\t\t\t\t<\/div>\n\t\t\t\t<\/div>\n\t\t\t\t\t<\/div>\n\t\t\t\t<\/div>\n\t\t\t\t\t<\/details>\n\t\t\t\t\t<\/div>\n\t\t\t\t\t\t<\/div>\n\t\t\t\t<\/div>\n\t\t\t\t<\/div>\n\t\t<div class=\"elementor-element elementor-element-0a43521 e-con-full e-flex e-con e-child\" data-id=\"0a43521\" data-element_type=\"container\" data-e-type=\"container\">\n\t\t\t\t<div class=\"elementor-element elementor-element-e783557 elementor-widget elementor-widget-spacer\" data-id=\"e783557\" data-element_type=\"widget\" data-e-type=\"widget\" data-widget_type=\"spacer.default\">\n\t\t\t\t<div class=\"elementor-widget-container\">\n\t\t\t\t\t\t\t<div class=\"elementor-spacer\">\n\t\t\t<div class=\"elementor-spacer-inner\"><\/div>\n\t\t<\/div>\n\t\t\t\t\t\t<\/div>\n\t\t\t\t<\/div>\n\t\t\t\t<div class=\"elementor-element elementor-element-dfa6f41 elementor-invisible elementor-widget elementor-widget-image\" data-id=\"dfa6f41\" data-element_type=\"widget\" data-e-type=\"widget\" data-settings=\"{&quot;_animation&quot;:&quot;fadeInUp&quot;}\" data-widget_type=\"image.default\">\n\t\t\t\t<div class=\"elementor-widget-container\">\n\t\t\t\t\t\t\t\t\t\t\t\t\t\t\t<img decoding=\"async\" src=\"https:\/\/koridoben.hu\/wp-content\/uploads\/elementor\/thumbs\/about-the-team4-r8k6qdjddx4r21e98dpxou85j8bpnpjt0dc9etsnes.jpg\" title=\"about-the-team4.jpg\" alt=\"about-the-team4.jpg\" loading=\"lazy\" \/>\t\t\t\t\t\t\t\t\t\t\t\t\t\t\t<\/div>\n\t\t\t\t<\/div>\n\t\t\t\t<\/div>\n\t\t\t\t<\/div>\n\t\t\t\t\t<\/div>\n\t\t\t\t<\/div>\n\t\t<div class=\"elementor-element elementor-element-ea44b18 e-flex e-con-boxed e-con e-parent\" data-id=\"ea44b18\" data-element_type=\"container\" data-e-type=\"container\">\n\t\t\t\t\t<div class=\"e-con-inner\">\n\t\t\t\t<div class=\"elementor-element elementor-element-91e0476 elementor-widget elementor-widget-spacer\" data-id=\"91e0476\" data-element_type=\"widget\" data-e-type=\"widget\" data-widget_type=\"spacer.default\">\n\t\t\t\t<div class=\"elementor-widget-container\">\n\t\t\t\t\t\t\t<div class=\"elementor-spacer\">\n\t\t\t<div class=\"elementor-spacer-inner\"><\/div>\n\t\t<\/div>\n\t\t\t\t\t\t<\/div>\n\t\t\t\t<\/div>\n\t\t\t\t\t<\/div>\n\t\t\t\t<\/div>\n\t\t<div class=\"elementor-element elementor-element-5459f48 e-flex e-con-boxed e-con e-parent\" data-id=\"5459f48\" data-element_type=\"container\" data-e-type=\"container\">\n\t\t\t\t\t<div class=\"e-con-inner\">\n\t\t<div class=\"elementor-element elementor-element-6d5b759 e-con-full e-flex e-con e-child\" data-id=\"6d5b759\" data-element_type=\"container\" data-e-type=\"container\">\n\t\t\t\t<div class=\"elementor-element elementor-element-d9f50d3 elementor-cta--skin-cover elementor-animated-content elementor-bg-transform elementor-bg-transform-zoom-in elementor-widget elementor-widget-call-to-action\" data-id=\"d9f50d3\" data-element_type=\"widget\" data-e-type=\"widget\" data-widget_type=\"call-to-action.default\">\n\t\t\t\t<div class=\"elementor-widget-container\">\n\t\t\t\t\t\t\t<a class=\"elementor-cta\" href=\"https:\/\/koridoben.hu\/online-taster-registration\/\">\n\t\t\t\t\t<div class=\"elementor-cta__bg-wrapper\">\n\t\t\t\t<div class=\"elementor-cta__bg elementor-bg\" style=\"background-image: url(https:\/\/koridoben.hu\/wp-content\/uploads\/2025\/09\/Koridoben.Doubts-1024x683.webp);\" role=\"img\" aria-label=\"Koridoben.Doubts\"><\/div>\n\t\t\t\t<div class=\"elementor-cta__bg-overlay\"><\/div>\n\t\t\t<\/div>\n\t\t\t\t\t\t\t<div class=\"elementor-cta__content\">\n\t\t\t\t\n\t\t\t\t\t\t\t\t\t<h5 class=\"elementor-cta__title elementor-cta__content-item elementor-content-item elementor-animated-item--grow\">\n\t\t\t\t\t\tMegtapasztaln\u00e1d Te is?\t\t\t\t\t<\/h5>\n\t\t\t\t\n\t\t\t\t\n\t\t\t\t\t\t\t\t\t<div class=\"elementor-cta__button-wrapper elementor-cta__content-item elementor-content-item elementor-animated-item--grow\">\n\t\t\t\t\t<span class=\"elementor-cta__button elementor-button elementor-size-\">\n\t\t\t\t\t\t\u00c9RDEKEL AZ \u00c9LM\u00c9NY!\t\t\t\t\t<\/span>\n\t\t\t\t\t<\/div>\n\t\t\t\t\t\t\t<\/div>\n\t\t\t\t\t\t<\/a>\n\t\t\t\t\t\t<\/div>\n\t\t\t\t<\/div>\n\t\t\t\t<\/div>\n\t\t\t\t\t<\/div>\n\t\t\t\t<\/div>\n\t\t\t\t<\/div>\n\t\t","protected":false},"excerpt":{"rendered":"<p>GYIK | K\u00f6rid\u0151ben &#8211; Saj\u00e1t\u00e9lm\u00e9nyes tr\u00e9ningek<\/p>","protected":false},"author":1,"featured_media":537,"parent":0,"menu_order":0,"comment_status":"closed","ping_status":"closed","template":"","meta":{"footnotes":""},"class_list":["post-1443","page","type-page","status-publish","has-post-thumbnail","hentry"],"_links":{"self":[{"href":"https:\/\/koridoben.hu\/en\/wp-json\/wp\/v2\/pages\/1443","targetHints":{"allow":["GET"]}}],"collection":[{"href":"https:\/\/koridoben.hu\/en\/wp-json\/wp\/v2\/pages"}],"about":[{"href":"https:\/\/koridoben.hu\/en\/wp-json\/wp\/v2\/types\/page"}],"author":[{"embeddable":true,"href":"https:\/\/koridoben.hu\/en\/wp-json\/wp\/v2\/users\/1"}],"replies":[{"embeddable":true,"href":"https:\/\/koridoben.hu\/en\/wp-json\/wp\/v2\/comments?post=1443"}],"version-history":[{"count":22,"href":"https:\/\/koridoben.hu\/en\/wp-json\/wp\/v2\/pages\/1443\/revisions"}],"predecessor-version":[{"id":1731,"href":"https:\/\/koridoben.hu\/en\/wp-json\/wp\/v2\/pages\/1443\/revisions\/1731"}],"wp:featuredmedia":[{"embeddable":true,"href":"https:\/\/koridoben.hu\/en\/wp-json\/wp\/v2\/media\/537"}],"wp:attachment":[{"href":"https:\/\/koridoben.hu\/en\/wp-json\/wp\/v2\/media?parent=1443"}],"curies":[{"name":"wp","href":"https:\/\/api.w.org\/{rel}","templated":true}]}}