{"id":1537,"date":"2025-09-08T19:29:43","date_gmt":"2025-09-08T17:29:43","guid":{"rendered":"https:\/\/koridoben.hu\/?page_id=1537"},"modified":"2025-09-08T19:31:46","modified_gmt":"2025-09-08T17:31:46","slug":"sikeres-kitoltes","status":"publish","type":"page","link":"https:\/\/koridoben.hu\/en\/sikeres-kitoltes\/","title":{"rendered":"Sikeres kit\u00f6lt\u00e9s"},"content":{"rendered":"<div data-elementor-type=\"wp-page\" data-elementor-id=\"1537\" class=\"elementor elementor-1537\" data-elementor-post-type=\"page\">\n\t\t\t\t<div class=\"elementor-element elementor-element-97c24a2 e-flex e-con-boxed e-con e-parent\" data-id=\"97c24a2\" data-element_type=\"container\" data-e-type=\"container\">\n\t\t\t\t\t<div class=\"e-con-inner\">\n\t\t<div class=\"elementor-element elementor-element-6c1f3f6 e-con-full e-flex e-con e-child\" data-id=\"6c1f3f6\" data-element_type=\"container\" data-e-type=\"container\">\n\t\t<div class=\"elementor-element elementor-element-7006971 e-con-full e-flex e-con e-child\" data-id=\"7006971\" data-element_type=\"container\" data-e-type=\"container\">\n\t\t\t\t<div class=\"elementor-element elementor-element-acd7aa6 elementor-invisible elementor-widget elementor-widget-heading\" data-id=\"acd7aa6\" data-element_type=\"widget\" data-e-type=\"widget\" data-settings=\"{&quot;_animation&quot;:&quot;fadeInLeft&quot;}\" data-widget_type=\"heading.default\">\n\t\t\t\t<div class=\"elementor-widget-container\">\n\t\t\t\t\t<h2 class=\"elementor-heading-title elementor-size-default\">K\u00f6sz\u00f6nj\u00fck a kit\u00f6lt\u00e9st!<\/h2>\t\t\t\t<\/div>\n\t\t\t\t<\/div>\n\t\t\t\t<div class=\"elementor-element elementor-element-c258828 elementor-widget elementor-widget-spacer\" data-id=\"c258828\" data-element_type=\"widget\" data-e-type=\"widget\" data-widget_type=\"spacer.default\">\n\t\t\t\t<div class=\"elementor-widget-container\">\n\t\t\t\t\t\t\t<div class=\"elementor-spacer\">\n\t\t\t<div class=\"elementor-spacer-inner\"><\/div>\n\t\t<\/div>\n\t\t\t\t\t\t<\/div>\n\t\t\t\t<\/div>\n\t\t\t\t<div class=\"elementor-element elementor-element-5ddfc57 elementor-widget elementor-widget-text-editor\" data-id=\"5ddfc57\" data-element_type=\"widget\" data-e-type=\"widget\" data-widget_type=\"text-editor.default\">\n\t\t\t\t<div class=\"elementor-widget-container\">\n\t\t\t\t\t\t\t\t\t<p><strong>A sz\u00e1ml\u00e1z\u00e1sai adataid megkaptuk.<br \/><\/strong>Kis t\u00fcrelmet k\u00e9r\u00fcnk! Hamarosan elk\u00fcldj\u00fck a d\u00edjbek\u00e9r\u0151t.<\/p>\t\t\t\t\t\t\t\t<\/div>\n\t\t\t\t<\/div>\n\t\t\t\t<\/div>\n\t\t\t\t<\/div>\n\t\t\t\t\t<\/div>\n\t\t\t\t<\/div>\n\t\t<div class=\"elementor-element elementor-element-55e2e9f e-flex e-con-boxed e-con e-parent\" data-id=\"55e2e9f\" data-element_type=\"container\" data-e-type=\"container\">\n\t\t\t\t\t<div class=\"e-con-inner\">\n\t\t<div class=\"elementor-element elementor-element-6533dcf e-con-full e-flex e-con e-child\" data-id=\"6533dcf\" data-element_type=\"container\" data-e-type=\"container\">\n\t\t\t\t<div class=\"elementor-element elementor-element-12be03e elementor-cta--skin-cover elementor-animated-content elementor-bg-transform elementor-bg-transform-zoom-in elementor-widget elementor-widget-call-to-action\" data-id=\"12be03e\" data-element_type=\"widget\" data-e-type=\"widget\" data-widget_type=\"call-to-action.default\">\n\t\t\t\t<div class=\"elementor-widget-container\">\n\t\t\t\t\t\t\t<a class=\"elementor-cta\" href=\"https:\/\/www.facebook.com\/events\/762509552810828\/\">\n\t\t\t\t\t<div class=\"elementor-cta__bg-wrapper\">\n\t\t\t\t<div class=\"elementor-cta__bg elementor-bg\" style=\"background-image: url(https:\/\/koridoben.hu\/wp-content\/uploads\/2025\/07\/Reflection.Background-1024x512.png);\" role=\"img\" aria-label=\"Reflection Background\"><\/div>\n\t\t\t\t<div class=\"elementor-cta__bg-overlay\"><\/div>\n\t\t\t<\/div>\n\t\t\t\t\t\t\t<div class=\"elementor-cta__content\">\n\t\t\t\t\n\t\t\t\t\t\t\t\t\t<h2 class=\"elementor-cta__title elementor-cta__content-item elementor-content-item elementor-animated-item--grow\">\n\t\t\t\t\t\tCsatlakozz a Facebook esem\u00e9nyhez!\t\t\t\t\t<\/h2>\n\t\t\t\t\n\t\t\t\t\t\t\t\t\t<div class=\"elementor-cta__description elementor-cta__content-item elementor-content-item elementor-animated-item--grow\">\n\t\t\t\t\t\tAz \u00f6nismeret n\u00e1lunk gyakorlat, nem elm\u00e9let.\t\t\t\t\t<\/div>\n\t\t\t\t\n\t\t\t\t\t\t\t\t\t<div class=\"elementor-cta__button-wrapper elementor-cta__content-item elementor-content-item elementor-animated-item--grow\">\n\t\t\t\t\t<span class=\"elementor-cta__button elementor-button elementor-size-\">\n\t\t\t\t\t\tCSATLAKOZOM!\t\t\t\t\t<\/span>\n\t\t\t\t\t<\/div>\n\t\t\t\t\t\t\t<\/div>\n\t\t\t\t\t\t<\/a>\n\t\t\t\t\t\t<\/div>\n\t\t\t\t<\/div>\n\t\t\t\t<\/div>\n\t\t\t\t\t<\/div>\n\t\t\t\t<\/div>\n\t\t\t\t<\/div>","protected":false},"excerpt":{"rendered":"<p>K\u00f6sz\u00f6nj\u00fck a kit\u00f6lt\u00e9st! A sz\u00e1ml\u00e1z\u00e1sai adataid megkaptuk.Kis t\u00fcrelmet k\u00e9r\u00fcnk! Hamarosan elk\u00fcldj\u00fck a d\u00edjbek\u00e9r\u0151t. Csatlakozz a Facebook esem\u00e9nyhez! Az \u00f6nismeret n\u00e1lunk gyakorlat, nem elm\u00e9let. CSATLAKOZOM!<\/p>","protected":false},"author":1,"featured_media":0,"parent":0,"menu_order":0,"comment_status":"closed","ping_status":"closed","template":"","meta":{"footnotes":""},"class_list":["post-1537","page","type-page","status-publish","hentry"],"_links":{"self":[{"href":"https:\/\/koridoben.hu\/en\/wp-json\/wp\/v2\/pages\/1537","targetHints":{"allow":["GET"]}}],"collection":[{"href":"https:\/\/koridoben.hu\/en\/wp-json\/wp\/v2\/pages"}],"about":[{"href":"https:\/\/koridoben.hu\/en\/wp-json\/wp\/v2\/types\/page"}],"author":[{"embeddable":true,"href":"https:\/\/koridoben.hu\/en\/wp-json\/wp\/v2\/users\/1"}],"replies":[{"embeddable":true,"href":"https:\/\/koridoben.hu\/en\/wp-json\/wp\/v2\/comments?post=1537"}],"version-history":[{"count":4,"href":"https:\/\/koridoben.hu\/en\/wp-json\/wp\/v2\/pages\/1537\/revisions"}],"predecessor-version":[{"id":1541,"href":"https:\/\/koridoben.hu\/en\/wp-json\/wp\/v2\/pages\/1537\/revisions\/1541"}],"wp:attachment":[{"href":"https:\/\/koridoben.hu\/en\/wp-json\/wp\/v2\/media?parent=1537"}],"curies":[{"name":"wp","href":"https:\/\/api.w.org\/{rel}","templated":true}]}}